{"id":1754,"date":"2021-12-15T15:39:29","date_gmt":"2021-12-15T18:39:29","guid":{"rendered":"https:\/\/mswpstbuotis-staging.stbu.10upmanaged.com\/historias-es\/\/br\/?page_id=1754"},"modified":"2022-01-11T17:35:15","modified_gmt":"2022-01-11T20:35:15","slug":"entre-em-contato","status":"publish","type":"page","link":"https:\/\/mswpstbuotis-staging.stbu.10upmanaged.com\/br\/entre-em-contato\/","title":{"rendered":"Entre em contato"},"content":{"rendered":"<body><h2 class=\"wp-block-heading\">Contatos para imprensa<\/h2>\n<\/body>\n\n<body><p class=\"is-style-default\">Por favor, envie uma mensagem com o detalhamento e o prazo de sua solicita\u00e7\u00e3o para os seguintes contatos:<\/p>\n<\/body>\n\n<body><p class=\"is-style-default\">Telefone: +1-206-318-7100 <\/p>\n<\/body>\n\n<body><p class=\"is-style-default\">E-mail: <a href=\"mailto:press@starbucks.com\" class=\"is-external-link\" aria-describedby=\"external-link-description\" target=\"_blank\" rel=\"noopener noreferrer\">press@starbucks.com<svg xmlns=\"http:\/\/www.w3.org\/2000\/svg\" aria-hidden=\"true\" focusable=\"false\" height=\"13\" viewBox=\"0 0 13 13\" width=\"13\">\n\t<path d=\"M13 .43v3.9a.43.43 0 1 1-.87 0V1.48l-6.19 6.2a.43.43 0 0 1-.61 0 .43.43 0 0 1 0-.62l6.2-6.2H8.66a.43.43 0 1 1 0-.86h3.9c.24 0 .43.2.43.43ZM11.27 11.7V6.5a.43.43 0 1 0-.87 0v5.2c0 .24-.2.43-.43.43H1.3a.43.43 0 0 1-.43-.43V3.03c0-.24.2-.43.43-.43h5.2a.43.43 0 1 0 0-.87H1.3c-.72 0-1.3.59-1.3 1.3v8.67c0 .72.58 1.3 1.3 1.3h8.67c.71 0 1.3-.58 1.3-1.3Z\" fill=\"currentColor\"><\/path>\n<\/svg><\/a>\u00a0<\/p>\n<\/body>\n\n\n<hr class=\"wp-block-separator\" \/>\n\n\n<body><h2 class=\"wp-block-heading\">Rela\u00e7\u00f5es com Investidores<\/h2>\n<\/body>\n\n<body><p class=\"is-style-default\">O departamento de Rela\u00e7\u00f5es com Investidores pode responder a perguntas financeiras sobre a empresa ou relacionadas \u00e0 propriedade de suas a\u00e7\u00f5es. <\/p>\n<\/body>\n\n<body><p class=\"is-style-default\">Envie suas perguntas por escrito para o e-mail <a href=\"mailto:investorrelations@starbucks.com\" class=\"is-external-link\" aria-describedby=\"external-link-description\" target=\"_blank\" rel=\"noopener noreferrer\">investorrelations@starbucks.com<svg xmlns=\"http:\/\/www.w3.org\/2000\/svg\" aria-hidden=\"true\" focusable=\"false\" height=\"13\" viewBox=\"0 0 13 13\" width=\"13\">\n\t<path d=\"M13 .43v3.9a.43.43 0 1 1-.87 0V1.48l-6.19 6.2a.43.43 0 0 1-.61 0 .43.43 0 0 1 0-.62l6.2-6.2H8.66a.43.43 0 1 1 0-.86h3.9c.24 0 .43.2.43.43ZM11.27 11.7V6.5a.43.43 0 1 0-.87 0v5.2c0 .24-.2.43-.43.43H1.3a.43.43 0 0 1-.43-.43V3.03c0-.24.2-.43.43-.43h5.2a.43.43 0 1 0 0-.87H1.3c-.72 0-1.3.59-1.3 1.3v8.67c0 .72.58 1.3 1.3 1.3h8.67c.71 0 1.3-.58 1.3-1.3Z\" fill=\"currentColor\"><\/path>\n<\/svg><\/a><\/p>\n<\/body>\n\n\n<hr class=\"wp-block-separator\" \/>\n\n\n<body><h2 class=\"wp-block-heading\">Contatos para patroc\u00ednio<\/h2>\n<\/body>\n\n<body><p class=\"is-style-default\">Voc\u00ea pode enviar suas perguntas por escrito para o e-mail <a href=\"mailto:info@starbucks.com\" class=\"is-external-link\" aria-describedby=\"external-link-description\" target=\"_blank\" rel=\"noopener noreferrer\">info@starbucks.com<svg xmlns=\"http:\/\/www.w3.org\/2000\/svg\" aria-hidden=\"true\" focusable=\"false\" height=\"13\" viewBox=\"0 0 13 13\" width=\"13\">\n\t<path d=\"M13 .43v3.9a.43.43 0 1 1-.87 0V1.48l-6.19 6.2a.43.43 0 0 1-.61 0 .43.43 0 0 1 0-.62l6.2-6.2H8.66a.43.43 0 1 1 0-.86h3.9c.24 0 .43.2.43.43ZM11.27 11.7V6.5a.43.43 0 1 0-.87 0v5.2c0 .24-.2.43-.43.43H1.3a.43.43 0 0 1-.43-.43V3.03c0-.24.2-.43.43-.43h5.2a.43.43 0 1 0 0-.87H1.3c-.72 0-1.3.59-1.3 1.3v8.67c0 .72.58 1.3 1.3 1.3h8.67c.71 0 1.3-.58 1.3-1.3Z\" fill=\"currentColor\"><\/path>\n<\/svg><\/a>. <\/p>\n<\/body>\n\n<body><p class=\"is-style-default\">Por favor, informe o nome da organiza\u00e7\u00e3o, como podemos entrar em contato, suas perguntas gerais ou quais t\u00f3picos que gostaria de abordar.<\/p>\n<\/body>","protected":false},"excerpt":{"rendered":"<p>Contatos para imprensa Por favor, envie uma mensagem com o detalhamento e o prazo de sua solicita\u00e7\u00e3o para os seguintes contatos: Telefone: +1-206-318-7100 E-mail: press@starbucks.com \u00a0 Rela\u00e7\u00f5es com Investidores O departamento de Rela\u00e7\u00f5es com Investidores pode responder a perguntas financeiras sobre a empresa ou relacionadas \u00e0 propriedade de suas a\u00e7\u00f5es. Envie suas perguntas por escrito [&hellip;]<\/p>\n","protected":false},"author":13,"featured_media":0,"parent":0,"menu_order":0,"comment_status":"closed","ping_status":"closed","template":"","meta":{"ep_exclude_from_search":false,"sbux_color_theme":"default","sbux_typography_theme":"default","sbux_is_featured":false,"featured_image_focal_point_x":0,"featured_image_focal_point_y":0,"footnotes":""},"categories":[],"class_list":["post-1754","page","type-page","status-publish","hentry"],"_links":{"self":[{"href":"https:\/\/mswpstbuotis-staging.stbu.10upmanaged.com\/br\/wp-json\/wp\/v2\/pages\/1754","targetHints":{"allow":["GET"]}}],"collection":[{"href":"https:\/\/mswpstbuotis-staging.stbu.10upmanaged.com\/br\/wp-json\/wp\/v2\/pages"}],"about":[{"href":"https:\/\/mswpstbuotis-staging.stbu.10upmanaged.com\/br\/wp-json\/wp\/v2\/types\/page"}],"author":[{"embeddable":true,"href":"https:\/\/mswpstbuotis-staging.stbu.10upmanaged.com\/br\/wp-json\/wp\/v2\/users\/13"}],"replies":[{"embeddable":true,"href":"https:\/\/mswpstbuotis-staging.stbu.10upmanaged.com\/br\/wp-json\/wp\/v2\/comments?post=1754"}],"version-history":[{"count":3,"href":"https:\/\/mswpstbuotis-staging.stbu.10upmanaged.com\/br\/wp-json\/wp\/v2\/pages\/1754\/revisions"}],"predecessor-version":[{"id":1982,"href":"https:\/\/mswpstbuotis-staging.stbu.10upmanaged.com\/br\/wp-json\/wp\/v2\/pages\/1754\/revisions\/1982"}],"wp:attachment":[{"href":"https:\/\/mswpstbuotis-staging.stbu.10upmanaged.com\/br\/wp-json\/wp\/v2\/media?parent=1754"}],"wp:term":[{"taxonomy":"category","embeddable":true,"href":"https:\/\/mswpstbuotis-staging.stbu.10upmanaged.com\/br\/wp-json\/wp\/v2\/categories?post=1754"}],"curies":[{"name":"wp","href":"https:\/\/api.w.org\/{rel}","templated":true}]}}